{"id":978,"date":"2021-09-20T08:39:20","date_gmt":"2021-09-20T08:39:20","guid":{"rendered":"https:\/\/excellentia.io\/?page_id=978"},"modified":"2023-11-14T10:00:11","modified_gmt":"2023-11-14T09:00:11","slug":"privacy-policy","status":"publish","type":"page","link":"https:\/\/excellentia.io\/en\/privacy-policy\/","title":{"rendered":"Privacy policy"},"content":{"rendered":"<div data-colibri-id=\"978-c1\" class=\"style-2427 style-local-978-c1 position-relative\">\n  <!---->\n  <div data-colibri-component=\"section\" data-colibri-id=\"978-c2\" id=\"custom\" class=\"h-section h-section-global-spacing d-flex align-items-lg-center align-items-md-center align-items-center style-2460 style-local-978-c2 position-relative\">\n    <!---->\n    <!---->\n    <div class=\"h-section-grid-container h-section-boxed-container\">\n      <!---->\n      <div data-colibri-id=\"978-c3\" class=\"h-row-container gutters-row-lg-2 gutters-row-md-2 gutters-row-0 gutters-row-v-lg-2 gutters-row-v-md-2 gutters-row-v-2 style-2461 style-local-978-c3 position-relative\">\n        <!---->\n        <div class=\"h-row justify-content-lg-center justify-content-md-center justify-content-center align-items-lg-stretch align-items-md-stretch align-items-stretch gutters-col-lg-2 gutters-col-md-2 gutters-col-0 gutters-col-v-lg-2 gutters-col-v-md-2 gutters-col-v-2\">\n          <!---->\n          <div class=\"h-column h-column-container d-flex h-col-lg-auto h-col-md-auto h-col-auto style-2462-outer style-local-978-c4-outer\">\n            <div data-colibri-id=\"978-c4\" class=\"d-flex h-flex-basis h-column__inner h-px-lg-2 h-px-md-2 h-px-2 v-inner-lg-2 v-inner-md-2 v-inner-2 style-2462 style-local-978-c4 position-relative\">\n              <!---->\n              <!---->\n              <div class=\"w-100 h-y-container h-column__content h-column__v-align flex-basis-100 align-self-lg-start align-self-md-start align-self-start\">\n                <!---->\n                <div data-colibri-id=\"978-c5\" class=\"h-text h-text-component style-3236 style-local-978-c5 position-relative h-element\">\n                  <!---->\n                  <!---->\n                  <div class=\"\">\n                    <p>Gentile Interessato, eXcellentia S.r.l.s.&nbsp;&nbsp;ha grande rispetto per la privacy degli Utenti. I dati che saranno eventualmente comunicati dall\u2019Utente attraverso il Sito saranno trattati con la massima attenzione e con tutti\n                      gli strumenti atti a garantirne la sicurezza, nel pieno rispetto della normativa vigente posta a tutela della riservatezza dei dati. Desideriamo informarLa che il \u201cRegolamento Europeo 2016\/679 relativo alla protezione delle persone\n                      fisiche con riguardo al Trattamento dei Dati Personali, nonch\u00e9 alla libera circolazione di tali dati\u201d (da ora in poi \u201cGDPR\u201d) prevede la protezione delle persone fisiche con riguardo al trattamento dei dati di carattere personale\n                      come diritto fondamentale. Ai sensi dell\u2019articolo 13 del GDPR, pertanto, La informiamo che:<\/p>\n                    <p><strong>A. CATEGORIE DI DATI<\/strong><\/p>\n                    <p>Oggetto del trattamento possono essere i suoi dati personali quali:<\/p>\n                    <p>Dati raccolti in automatico. I sistemi informatici e gli applicativi dedicati al funzionamento di questo sito web rilevano, nel corso del loro normale funzionamento, alcuni dati (la cui trasmissione \u00e8 implicita nell\u2019 uso dei protocolli\n                      di comunicazione di Internet) potenzialmente associati ad utenti identificabili. Tra i dati raccolti sono compresi gli indirizzi IP e i nomi di dominio dei computer utilizzati dagli utenti che si connettono al sito, gli indirizzi\n                      in notazione URI (Uniform Resource Identifier) delle risorse richieste, il metodo utilizzato nel sottoporre la richiesta al server, la dimensione del file ottenuto in risposta, il codice numerico indicante lo stato della risposta\n                      data dal server (buon fine, errore, ecc.) ed altri parametri riguardanti il sistema operativo, il browser e l\u2019ambiente informatico utilizzato dall\u2019 utente, nome dell\u2019internet service provider (ISP), data e orario di visita, pagina\n                      web di provenienza del visitatore (referral) e di uscita.<\/p>\n                    <p>Dati forniti volontariamente dall\u2019 utente. L\u2019invio volontario ed esplicito di posta elettronica agli indirizzi indicati nei differenti canali di accesso di questo sito non comporta richiesta di consenso e comporta l\u2019acquisizione dell\u2019indirizzo\n                      e dei dati del mittente, necessario per rispondere alle richieste, nonch\u00e9 degli eventuali altri dati personali inseriti nella missiva. Tali dati si intendono volontariamente forniti dall\u2019utente al momento della richiesta di erogazione\n                      del servizio. Inserendo un commento o altra informazione l\u2019utente accetta espressamente l\u2019informativa privacy, e in particolare acconsente che i contenuti inseriti siano liberamente diffusi anche a terzi. Al contrario, specifiche\n                      informative di sintesi saranno riportate o visualizzate nelle pagine del sito predisposte per particolari servizi a richiesta (form). L\u2019utente dovr\u00e0 pertanto acconsentire esplicitamente all\u2019utilizzo dei dati riportati in questi form\n                      per poter inviare la richiesta.<\/p>\n                    <p>Cookies. Il sito utilizza cookie. I dati raccolti grazie ai cookie possono servire per accedere a delle parti del sito o per fini statistici o per rendere l\u2019esperienza di navigazione pi\u00f9 piacevole e pi\u00f9 efficiente in futuro, cercando\n                      di valutare il comportamento degli utenti e di modificare la proposizione di offerta dei contenuti in funzione del loro comportamento. Per maggiori informazioni \u00e8 disponibile una apposita cookie policy.<\/p>\n                    <p>&nbsp;<\/p>\n                    <p><strong>B. TITOLARE DEL TRATTAMENTO<\/strong><\/p>\n                    <p>Il Titolare del trattamento dei dati personali \u00e8 la societ\u00e0 eXcellentia Srls, con sede legale a Marigliano (NA) in Via Fabio Massimo, 19 \u2013 80034 Marigliano (Napoli, Italia), codice fiscale e partita Iva n. 09021691218, PEC excellentia@legalmail.it\n                      che agisce anche in nome e per conto delle altre entit\u00e0 del Network eXcellentia (\u201ceXcellentia\u201d o \u201cTitolare\u201d):<\/p>\n                    <p>Studio Legale Avv. Daniela Fusco con sede legale in Marigliano (NA), Via Fabio Massimo, 19;<\/p>\n                    <p>\n                      <br>\n                    <\/p>\n                    <p><strong>C. FONTE DEI DATI PERSONALI<\/strong><\/p>\n                    <p>I dati personali in possesso del Titolare sono raccolti direttamente presso l\u2019interessato.<\/p>\n                    <p>&nbsp;<\/p>\n                    <p><strong>D. FINALIT\u00c0 DI TRATTAMENTO DEI DATI E BASE GIURIDICA<\/strong><\/p>\n                    <p>Il trattamento dei Suoi dati ha come finalit\u00e0 e base giuridica:<\/p>\n                    <p>Per i dati raccolti in automatico, la base giuridica \u00e8 il legittimo interesse del titolare e la finalit\u00e0 \u00e8 garantire e migliorare l\u2019esperienza di navigazione web.<\/p>\n                    <p>Per i dati forniti volontariamente dall\u2019utente, la base giuridica \u00e8 il consenso e, per l\u2019invio di mail ai nostri indirizzi, la finalit\u00e0 \u00e8 poter inviare risposte alle richieste specifiche effettuate dall\u2019 utente; per i form la finalit\u00e0\n                      \u00e8 indicata nella specifica informativa.<\/p>\n                    <p>Per i cookies: confronta la specifica cookie policy<\/p>\n                    <p>&nbsp;<\/p>\n                    <p><strong>E. DESTINATARI DEI DATI<\/strong><\/p>\n                    <p>Nei limiti pertinenti alle finalit\u00e0 di trattamento indicate, i Suoi dati potranno essere comunicati a partner, societ\u00e0 di consulenza, aziende private, fornitori di servizi tecnici terzi, hosting provider, societ\u00e0 informatiche, agenzie\n                      di comunicazione,\u2026<\/p>\n                    <p>&nbsp;<\/p>\n                    <p><strong>F. TRASFERIMENTO DEI DATI VERSO PAESI TERZI<\/strong><\/p>\n                    <p>Non \u00e8 previsto il trasferimento dei vostri dati verso un paese terzo.<\/p>\n                    <p>&nbsp;<\/p>\n                    <p><strong>G. PERIODO DI CONSERVAZIONE<\/strong><\/p>\n                    <p>In base al principio di limitazione della conservazione (art.5, GDPR), a verifica sulla obsolescenza dei dati conservati in relazione alle finalit\u00e0 per cui sono stati raccolti viene effettuata periodicamente. In particolare:<\/p>\n                    <p>I dati raccolti in automatico vengono trattati, per il tempo strettamente necessario, al solo fine di ricavare informazioni statistiche sull\u2019uso del sito e per controllarne il regolare funzionamento, anche a fini di sicurezza o in\n                      base alle scadenze previste dalle norme di legge.<\/p>\n                    <p>I dati forniti volontariamente dall\u2019utente verranno conservati per un arco di tempo non superiore al conseguimento delle finalit\u00e0 per le quali sono trattati o in base alle scadenze previste dalle norme di legge.<\/p>\n                    <p>I dati raccolti tramite cookies: far riferimento alla specifica cookie policy.<\/p>\n                    <p>\n                      <br>\n                    <\/p>\n                    <p><strong>H. DIRITTI DELL\u2019INTERESSATO<\/strong><\/p>\n                    <p>L\u2019interessato ha sempre diritto a richiedere al Titolare l\u2019accesso ai Suoi dati, la rettifica o la cancellazione degli stessi, la limitazione del trattamento o la possibilit\u00e0 di opporsi al trattamento, di richiedere la portabilit\u00e0\n                      dei dati, di revocare il consenso al trattamento facendo valere questi e gli altri diritti previsti dal GDPR tramite semplice comunicazione al Titolare. L\u2018interessato pu\u00f2 proporre reclamo anche a un\u2019autorit\u00e0 di controllo.<\/p>\n                    <p>&nbsp;<\/p>\n                    <p><strong>I. OBBLIGATORIETA\u2019 O MENO DEL CONFERIMENTO<\/strong><\/p>\n                    <p>Il conferimento dei suoi dati \u00e8 obbligatorio durante la navigazione del nostro sito web per quanto riguarda i punti D.1 e D.2 delle finalit\u00e0 sopracitate, per permettere la corretta erogazione del servizio. Il conferimento del consenso\n                      dei suoi dati per il punto D.3 \u00e8 invece facoltativo e non comprometter\u00e0 in alcun modo l\u2019erogazione del servizio.<\/p>\n                    <p>&nbsp;<\/p>\n                    <p><strong>J. MODALIT\u00c0 DI TRATTAMENTO DEI DATI<\/strong><\/p>\n                    <p>I dati personali da Lei forniti, formeranno oggetto di operazioni di trattamento nel rispetto della normativa sopracitata e degli obblighi di riservatezza cui \u00e8 ispirata l\u2019attivit\u00e0 del Titolare. I dati verranno trattati sia con strumenti\n                      informatici sia su supporti cartacei sia su ogni altro tipo di supporto idoneo (es. sistemi in cloud, sistemi di archiviazione e conservazione sostitutiva digitale, \u2026), nel rispetto di adeguate misure tecniche ed organizzative di\n                      sicurezza previste dal GDPR.<\/p>\n                    <p>&nbsp;<\/p>\n                    <p><strong>K. NOTE FINALI E MODALIT\u00c0 DI AGGIORNAMENTO<\/strong><\/p>\n                    <p>L\u2019informativa \u00e8 resa solo per il presente sito internet e non anche per altri siti web eventualmente consultati dall\u2019utente tramite link contenuti nel presente sito. L\u2019informativa pu\u00f2 subire modifiche a causa dell\u2019introduzione di nuove\n                      norme al riguardo, si invita pertanto l\u2019utente a controllare periodicamente la presente pagina per essere sempre aggiornati sulle ultime novit\u00e0 legislative. Le versioni recedenti della presente informativa potranno sempre essere\n                      richieste al Titolare del trattamento.<\/p>\n                    <p>&nbsp;<\/p>\n                    <p><strong>M. PROCESSI DECISIONALI AUTOMATIZZATI<\/strong><\/p>\n                    <p>Non sono previsti processi decisionali automatizzati.<\/p>\n                    <p>\n                      <br>\n                    <\/p>\n                  <\/div>\n                <\/div>\n              <\/div>\n            <\/div>\n          <\/div>\n        <\/div>\n      <\/div>\n    <\/div>\n  <\/div>\n<\/div>","protected":false},"excerpt":{"rendered":"<p>Gentile Interessato, eXcellentia S.r.l.s.&nbsp;&nbsp;ha grande rispetto per la privacy degli Utenti. I dati che saranno eventualmente comunicati dall\u2019Utente attraverso il Sito saranno trattati con la massima attenzione e con tutti gli strumenti atti a garantirne la sicurezza, nel pieno rispetto della normativa vigente posta a tutela della riservatezza dei dati. Desideriamo informarLa che il \u201cRegolamento [&hellip;]<\/p>\n","protected":false},"author":1,"featured_media":0,"parent":0,"menu_order":0,"comment_status":"closed","ping_status":"closed","template":"page-templates\/full-width-page.php","meta":{"_coblocks_attr":"","_coblocks_dimensions":"","_coblocks_responsive_height":"","_coblocks_accordion_ie_support":"","footnotes":""},"class_list":["post-978","page","type-page","status-publish","hentry"],"yoast_head":"<!-- This site is optimized with the Yoast SEO Premium plugin v27.0 (Yoast SEO v27.5) - https:\/\/yoast.com\/product\/yoast-seo-premium-wordpress\/ -->\n<title>Privacy policy - eXcellentia<\/title>\n<meta name=\"robots\" content=\"index, follow, max-snippet:-1, max-image-preview:large, max-video-preview:-1\" \/>\n<link rel=\"canonical\" href=\"https:\/\/excellentia.io\/en\/privacy-policy\/\" \/>\n<meta property=\"og:locale\" content=\"en_GB\" \/>\n<meta property=\"og:type\" content=\"article\" \/>\n<meta property=\"og:title\" content=\"Privacy policy eXcellentia\" \/>\n<meta property=\"og:description\" content=\"Gentile Interessato, eXcellentia S.r.l.s.&nbsp;&nbsp;ha grande rispetto per la privacy degli Utenti. I dati che saranno eventualmente comunicati dall\u2019Utente attraverso il Sito saranno trattati con la massima attenzione e con tutti gli strumenti atti a garantirne la sicurezza, nel pieno rispetto della normativa vigente posta a tutela della riservatezza dei dati. Desideriamo informarLa che il \u201cRegolamento [&hellip;]\" \/>\n<meta property=\"og:url\" content=\"https:\/\/excellentia.io\/en\/privacy-policy\/\" \/>\n<meta property=\"og:site_name\" content=\"eXcellentia\" \/>\n<meta property=\"article:publisher\" content=\"https:\/\/www.facebook.com\/excellentia.io\" \/>\n<meta property=\"article:modified_time\" content=\"2023-11-14T09:00:11+00:00\" \/>\n<meta name=\"twitter:card\" content=\"summary_large_image\" \/>\n<meta name=\"twitter:label1\" content=\"Estimated reading time\" \/>\n\t<meta name=\"twitter:data1\" content=\"6 minutes\" \/>\n<script type=\"application\/ld+json\" class=\"yoast-schema-graph\">{\"@context\":\"https:\\\/\\\/schema.org\",\"@graph\":[{\"@type\":\"WebPage\",\"@id\":\"https:\\\/\\\/excellentia.io\\\/privacy-policy\\\/\",\"url\":\"https:\\\/\\\/excellentia.io\\\/privacy-policy\\\/\",\"name\":\"Privacy policy - eXcellentia\",\"isPartOf\":{\"@id\":\"https:\\\/\\\/excellentia.io\\\/#website\"},\"datePublished\":\"2021-09-20T08:39:20+00:00\",\"dateModified\":\"2023-11-14T09:00:11+00:00\",\"breadcrumb\":{\"@id\":\"https:\\\/\\\/excellentia.io\\\/privacy-policy\\\/#breadcrumb\"},\"inLanguage\":\"en-GB\",\"potentialAction\":[{\"@type\":\"ReadAction\",\"target\":[\"https:\\\/\\\/excellentia.io\\\/privacy-policy\\\/\"]}]},{\"@type\":\"BreadcrumbList\",\"@id\":\"https:\\\/\\\/excellentia.io\\\/privacy-policy\\\/#breadcrumb\",\"itemListElement\":[{\"@type\":\"ListItem\",\"position\":1,\"name\":\"Home\",\"item\":\"https:\\\/\\\/excellentia.io\\\/\"},{\"@type\":\"ListItem\",\"position\":2,\"name\":\"Privacy policy\"}]},{\"@type\":\"WebSite\",\"@id\":\"https:\\\/\\\/excellentia.io\\\/#website\",\"url\":\"https:\\\/\\\/excellentia.io\\\/\",\"name\":\"eXcellentia\",\"description\":\"Servizi professionali alle imprese, consulenza privacy, compliance, GDPR, modelli organizzativi 231\\\/01\",\"publisher\":{\"@id\":\"https:\\\/\\\/excellentia.io\\\/#organization\"},\"potentialAction\":[{\"@type\":\"SearchAction\",\"target\":{\"@type\":\"EntryPoint\",\"urlTemplate\":\"https:\\\/\\\/excellentia.io\\\/?s={search_term_string}\"},\"query-input\":{\"@type\":\"PropertyValueSpecification\",\"valueRequired\":true,\"valueName\":\"search_term_string\"}}],\"inLanguage\":\"en-GB\"},{\"@type\":\"Organization\",\"@id\":\"https:\\\/\\\/excellentia.io\\\/#organization\",\"name\":\"eXcellentia\",\"url\":\"https:\\\/\\\/excellentia.io\\\/\",\"logo\":{\"@type\":\"ImageObject\",\"inLanguage\":\"en-GB\",\"@id\":\"https:\\\/\\\/excellentia.io\\\/#\\\/schema\\\/logo\\\/image\\\/\",\"url\":\"https:\\\/\\\/yxo9de.n3cdn1.secureserver.net\\\/wp-content\\\/uploads\\\/2021\\\/09\\\/excellentia-new.png?time=1681320597\",\"contentUrl\":\"https:\\\/\\\/yxo9de.n3cdn1.secureserver.net\\\/wp-content\\\/uploads\\\/2021\\\/09\\\/excellentia-new.png?time=1681320597\",\"width\":800,\"height\":322,\"caption\":\"eXcellentia\"},\"image\":{\"@id\":\"https:\\\/\\\/excellentia.io\\\/#\\\/schema\\\/logo\\\/image\\\/\"},\"sameAs\":[\"https:\\\/\\\/www.facebook.com\\\/excellentia.io\",\"https:\\\/\\\/www.instagram.com\\\/excellentia.io\",\"https:\\\/\\\/www.linkedin.com\\\/company\\\/12991172\\\/admin\\\/\"]}]}<\/script>\n<!-- \/ Yoast SEO Premium plugin. -->","yoast_head_json":{"title":"Privacy policy - eXcellentia","robots":{"index":"index","follow":"follow","max-snippet":"max-snippet:-1","max-image-preview":"max-image-preview:large","max-video-preview":"max-video-preview:-1"},"canonical":"https:\/\/excellentia.io\/en\/privacy-policy\/","og_locale":"en_GB","og_type":"article","og_title":"Privacy policy eXcellentia","og_description":"Gentile Interessato, eXcellentia S.r.l.s.&nbsp;&nbsp;ha grande rispetto per la privacy degli Utenti. I dati che saranno eventualmente comunicati dall\u2019Utente attraverso il Sito saranno trattati con la massima attenzione e con tutti gli strumenti atti a garantirne la sicurezza, nel pieno rispetto della normativa vigente posta a tutela della riservatezza dei dati. Desideriamo informarLa che il \u201cRegolamento [&hellip;]","og_url":"https:\/\/excellentia.io\/en\/privacy-policy\/","og_site_name":"eXcellentia","article_publisher":"https:\/\/www.facebook.com\/excellentia.io","article_modified_time":"2023-11-14T09:00:11+00:00","twitter_card":"summary_large_image","twitter_misc":{"Estimated reading time":"6 minutes"},"schema":{"@context":"https:\/\/schema.org","@graph":[{"@type":"WebPage","@id":"https:\/\/excellentia.io\/privacy-policy\/","url":"https:\/\/excellentia.io\/privacy-policy\/","name":"Privacy policy - eXcellentia","isPartOf":{"@id":"https:\/\/excellentia.io\/#website"},"datePublished":"2021-09-20T08:39:20+00:00","dateModified":"2023-11-14T09:00:11+00:00","breadcrumb":{"@id":"https:\/\/excellentia.io\/privacy-policy\/#breadcrumb"},"inLanguage":"en-GB","potentialAction":[{"@type":"ReadAction","target":["https:\/\/excellentia.io\/privacy-policy\/"]}]},{"@type":"BreadcrumbList","@id":"https:\/\/excellentia.io\/privacy-policy\/#breadcrumb","itemListElement":[{"@type":"ListItem","position":1,"name":"Home","item":"https:\/\/excellentia.io\/"},{"@type":"ListItem","position":2,"name":"Privacy policy"}]},{"@type":"WebSite","@id":"https:\/\/excellentia.io\/#website","url":"https:\/\/excellentia.io\/","name":"eXcellentia","description":"Servizi professionali alle imprese, consulenza privacy, compliance, GDPR, modelli organizzativi 231\/01","publisher":{"@id":"https:\/\/excellentia.io\/#organization"},"potentialAction":[{"@type":"SearchAction","target":{"@type":"EntryPoint","urlTemplate":"https:\/\/excellentia.io\/?s={search_term_string}"},"query-input":{"@type":"PropertyValueSpecification","valueRequired":true,"valueName":"search_term_string"}}],"inLanguage":"en-GB"},{"@type":"Organization","@id":"https:\/\/excellentia.io\/#organization","name":"eXcellentia","url":"https:\/\/excellentia.io\/","logo":{"@type":"ImageObject","inLanguage":"en-GB","@id":"https:\/\/excellentia.io\/#\/schema\/logo\/image\/","url":"https:\/\/yxo9de.n3cdn1.secureserver.net\/wp-content\/uploads\/2021\/09\/excellentia-new.png?time=1681320597","contentUrl":"https:\/\/yxo9de.n3cdn1.secureserver.net\/wp-content\/uploads\/2021\/09\/excellentia-new.png?time=1681320597","width":800,"height":322,"caption":"eXcellentia"},"image":{"@id":"https:\/\/excellentia.io\/#\/schema\/logo\/image\/"},"sameAs":["https:\/\/www.facebook.com\/excellentia.io","https:\/\/www.instagram.com\/excellentia.io","https:\/\/www.linkedin.com\/company\/12991172\/admin\/"]}]}},"_links":{"self":[{"href":"https:\/\/excellentia.io\/en\/wp-json\/wp\/v2\/pages\/978","targetHints":{"allow":["GET"]}}],"collection":[{"href":"https:\/\/excellentia.io\/en\/wp-json\/wp\/v2\/pages"}],"about":[{"href":"https:\/\/excellentia.io\/en\/wp-json\/wp\/v2\/types\/page"}],"author":[{"embeddable":true,"href":"https:\/\/excellentia.io\/en\/wp-json\/wp\/v2\/users\/1"}],"replies":[{"embeddable":true,"href":"https:\/\/excellentia.io\/en\/wp-json\/wp\/v2\/comments?post=978"}],"version-history":[{"count":20,"href":"https:\/\/excellentia.io\/en\/wp-json\/wp\/v2\/pages\/978\/revisions"}],"predecessor-version":[{"id":5067,"href":"https:\/\/excellentia.io\/en\/wp-json\/wp\/v2\/pages\/978\/revisions\/5067"}],"wp:attachment":[{"href":"https:\/\/excellentia.io\/en\/wp-json\/wp\/v2\/media?parent=978"}],"curies":[{"name":"wp","href":"https:\/\/api.w.org\/{rel}","templated":true}]}}